{"id":35,"date":"2019-09-09T12:37:42","date_gmt":"2019-09-09T15:37:42","guid":{"rendered":"http:\/\/nipponautocenter.com.br\/?page_id=35"},"modified":"2019-10-16T12:04:19","modified_gmt":"2019-10-16T15:04:19","slug":"seguradoras","status":"publish","type":"page","link":"https:\/\/nipponautocenter.com.br\/index.php\/seguradoras\/","title":{"rendered":"Seguradoras"},"content":{"rendered":"\n<p>A NIPPON Auto Center atende as melhores Cias Seguradoras do mercado,dentre elas, Porto Seguro, Ita\u00fa Seguros, Azul Seguros, Sul Am\u00e9rica, T\u00f3quio Marine, Sompo Seguros, Chubb, Liberty Seguros, Allianz, Nobre,HDI, dentre outras.\u00a0<strong>Atendemos tanto segurados quanto<\/strong> terceiros.<\/p>\n\n\n\n<p>Atenta&nbsp;a legisla\u00e7\u00e3o consumerista, a\nempresa busca&nbsp;esclarecer aos consumidores seus direitos quanto a&nbsp;sua\nliberdade na escolha por sua oficina de confian\u00e7a.<\/p>\n\n\n\n<p>Sendo assim nossa empresa\u00a0est\u00e1\u00a0capacitada a atender\u00a0\u00a0 aos consumidores\u00a0segurados ou terceiros atrav\u00e9s de suas respectivas\u00a0Cias Seguradoras,independentemente\u00a0 de fazer parte da lista de oficinas referenciadas ofertadas pela Cias.<\/p>\n\n\n\n<div class=\"wp-block-image\"><figure class=\"aligncenter\"><img loading=\"lazy\" decoding=\"async\" width=\"401\" height=\"102\" src=\"http:\/\/nipponautocenter.com.br\/wp-content\/uploads\/2019\/09\/seguradora.gif\" alt=\"\" class=\"wp-image-227\"\/><\/figure><\/div>\n","protected":false},"excerpt":{"rendered":"<p>A NIPPON Auto Center atende as melhores Cias Seguradoras do mercado,dentre elas, Porto Seguro, Ita\u00fa Seguros, Azul Seguros, Sul Am\u00e9rica, T\u00f3quio Marine, Sompo Seguros, Chubb, Liberty Seguros, Allianz, Nobre,HDI, dentre outras.\u00a0Atendemos tanto segurados quanto terceiros. Atenta&nbsp;a legisla\u00e7\u00e3o consumerista, a empresa busca&nbsp;esclarecer aos consumidores seus direitos quanto a&nbsp;sua liberdade na escolha por sua oficina de confian\u00e7a. [&hellip;]<\/p>\n","protected":false},"author":1,"featured_media":168,"parent":0,"menu_order":0,"comment_status":"closed","ping_status":"closed","template":"","meta":{"footnotes":""},"class_list":["post-35","page","type-page","status-publish","has-post-thumbnail","hentry"],"aioseo_notices":[],"_links":{"self":[{"href":"https:\/\/nipponautocenter.com.br\/index.php\/wp-json\/wp\/v2\/pages\/35","targetHints":{"allow":["GET"]}}],"collection":[{"href":"https:\/\/nipponautocenter.com.br\/index.php\/wp-json\/wp\/v2\/pages"}],"about":[{"href":"https:\/\/nipponautocenter.com.br\/index.php\/wp-json\/wp\/v2\/types\/page"}],"author":[{"embeddable":true,"href":"https:\/\/nipponautocenter.com.br\/index.php\/wp-json\/wp\/v2\/users\/1"}],"replies":[{"embeddable":true,"href":"https:\/\/nipponautocenter.com.br\/index.php\/wp-json\/wp\/v2\/comments?post=35"}],"version-history":[{"count":6,"href":"https:\/\/nipponautocenter.com.br\/index.php\/wp-json\/wp\/v2\/pages\/35\/revisions"}],"predecessor-version":[{"id":669,"href":"https:\/\/nipponautocenter.com.br\/index.php\/wp-json\/wp\/v2\/pages\/35\/revisions\/669"}],"wp:featuredmedia":[{"embeddable":true,"href":"https:\/\/nipponautocenter.com.br\/index.php\/wp-json\/wp\/v2\/media\/168"}],"wp:attachment":[{"href":"https:\/\/nipponautocenter.com.br\/index.php\/wp-json\/wp\/v2\/media?parent=35"}],"curies":[{"name":"wp","href":"https:\/\/api.w.org\/{rel}","templated":true}]}}