{"id":30,"date":"2019-09-09T12:35:18","date_gmt":"2019-09-09T15:35:18","guid":{"rendered":"http:\/\/nipponautocenter.com.br\/?page_id=30"},"modified":"2019-10-18T12:26:03","modified_gmt":"2019-10-18T15:26:03","slug":"servicos","status":"publish","type":"page","link":"https:\/\/nipponautocenter.com.br\/","title":{"rendered":"Servi\u00e7os"},"content":{"rendered":"\n<figure class=\"wp-block-image is-resized\"><img loading=\"lazy\" decoding=\"async\" src=\"http:\/\/nipponautocenter.com.br\/wp-content\/uploads\/2019\/10\/SATISFEITO3-5.png\" alt=\"\" class=\"wp-image-842\" width=\"908\" height=\"201\" srcset=\"https:\/\/nipponautocenter.com.br\/wp-content\/uploads\/2019\/10\/SATISFEITO3-5.png 900w, https:\/\/nipponautocenter.com.br\/wp-content\/uploads\/2019\/10\/SATISFEITO3-5-300x67.png 300w, https:\/\/nipponautocenter.com.br\/wp-content\/uploads\/2019\/10\/SATISFEITO3-5-768x171.png 768w\" sizes=\"auto, (max-width: 908px) 100vw, 908px\" \/><\/figure>\n\n\n\n<h2 class=\"wp-block-heading\" style=\"text-align:left\"><strong>Novidades!!! <\/strong><\/h2>\n\n\n\n<div class=\"wp-block-columns has-3-columns is-layout-flex wp-container-core-columns-is-layout-9d6595d7 wp-block-columns-is-layout-flex\">\n<div class=\"wp-block-column is-layout-flow wp-block-column-is-layout-flow\">\n<figure class=\"wp-block-image\"><a href=\"https:\/\/api.whatsapp.com\/send?1=pt_BR&amp;phone=5511945287767\" target=\"_blank\" rel=\"noreferrer noopener\"><img loading=\"lazy\" decoding=\"async\" width=\"744\" height=\"203\" src=\"http:\/\/nipponautocenter.com.br\/wp-content\/uploads\/2019\/09\/Orcam-pelo-whatsapp.png\" alt=\"\" class=\"wp-image-597\" srcset=\"https:\/\/nipponautocenter.com.br\/wp-content\/uploads\/2019\/09\/Orcam-pelo-whatsapp.png 744w, https:\/\/nipponautocenter.com.br\/wp-content\/uploads\/2019\/09\/Orcam-pelo-whatsapp-300x82.png 300w\" sizes=\"auto, (max-width: 744px) 100vw, 744px\" \/><\/a><\/figure>\n<\/div>\n\n\n\n<div class=\"wp-block-column is-layout-flow wp-block-column-is-layout-flow\">\n<figure class=\"wp-block-image\"><img loading=\"lazy\" decoding=\"async\" width=\"744\" height=\"203\" src=\"http:\/\/nipponautocenter.com.br\/wp-content\/uploads\/2019\/09\/revenda-autorizada-3.gif\" alt=\"\" class=\"wp-image-610\"\/><\/figure>\n<\/div>\n\n\n\n<div class=\"wp-block-column is-layout-flow wp-block-column-is-layout-flow\">\n<figure class=\"wp-block-image\"><img loading=\"lazy\" decoding=\"async\" width=\"744\" height=\"203\" src=\"http:\/\/nipponautocenter.com.br\/wp-content\/uploads\/2019\/09\/sistema-levaetraz-3.gif\" alt=\"\" class=\"wp-image-616\"\/><\/figure>\n\n\n\n<p><\/p>\n<\/div>\n<\/div>\n\n\n\n<h2 class=\"wp-block-heading\"><strong><em>Funilaria<\/em><\/strong><\/h2>\n\n\n\n<div class=\"wp-block-image\"><figure class=\"alignleft is-resized\"><img loading=\"lazy\" decoding=\"async\" src=\"http:\/\/nipponautocenter.com.br\/wp-content\/uploads\/2019\/09\/funilarianova-1.gif\" alt=\"\" class=\"wp-image-622\" width=\"479\" height=\"201\"\/><\/figure><\/div>\n\n\n\n<p style=\"font-size:17px\">Contamos\ncom equipamentos de ponta que &nbsp;garantem um melhor resultado e uma maior\nagilidade nos servi\u00e7os prestados.<\/p>\n\n\n\n<p style=\"font-size:17px\">Dispomos de equipamento de alinhamento de monobloco capaz de proporcionar um alinhamento mais fidedigno &nbsp;\u00e0s medidas originais do ve\u00edculo.  <\/p>\n\n\n\n<div style=\"height:141px\" aria-hidden=\"true\" class=\"wp-block-spacer\"><\/div>\n\n\n\n<h2 class=\"wp-block-heading\"><strong><em>Pintura<\/em><\/strong><\/h2>\n\n\n\n<div class=\"wp-block-image\"><figure class=\"alignleft is-resized\"><img loading=\"lazy\" decoding=\"async\" src=\"http:\/\/nipponautocenter.com.br\/wp-content\/uploads\/2019\/09\/pinturapag.gif\" alt=\"\" class=\"wp-image-193\" width=\"465\" height=\"210\"\/><\/figure><\/div>\n\n\n\n<p style=\"font-size:17px\">Utilizamos produtos e equipamentos de alta tecnologia que garantem uma qualidade e durabilidade muito superior na pintura do ve\u00edculo proporcionando uma maior satisfa\u00e7\u00e3o pelos servi\u00e7os prestados.<\/p>\n\n\n\n<p style=\"font-size:17px\">O descarte de todo solvente utilizado na repintura e na limpeza das pistolas de pintura \u00e9 realizado por meio de um reciclador &nbsp;para solventes garantindo assim o uso&nbsp; de forma adequada , sem&nbsp; que prejudique o meio ambiente.<\/p>\n\n\n\n<div class=\"wp-block-image\"><figure class=\"aligncenter is-resized\"><img loading=\"lazy\" decoding=\"async\" src=\"http:\/\/nipponautocenter.com.br\/wp-content\/uploads\/2019\/09\/pinturapag2.gif\" alt=\"\" class=\"wp-image-195\" width=\"528\" height=\"275\"\/><\/figure><\/div>\n\n\n\n<h2 class=\"wp-block-heading\"><strong><em>Martelinho de ouro<\/em><\/strong> <\/h2>\n\n\n\n<div class=\"wp-block-image\"><figure class=\"alignleft is-resized\"><img loading=\"lazy\" decoding=\"async\" src=\"http:\/\/nipponautocenter.com.br\/wp-content\/uploads\/2019\/09\/martelinhodeouro.gif\" alt=\"\" class=\"wp-image-624\" width=\"479\" height=\"201\"\/><\/figure><\/div>\n\n\n\n<p style=\"font-size:17px\">\u00c9 uma t\u00e9cnica artesanal para desamassar carros, sem precisar de servi\u00e7os de pintura. <br> A t\u00e9cnica do Martelinho pode recuperar o seu ve\u00edculo a 100% da condi\u00e7\u00e3o antes de danificado. Na maioria dos casos, quando o amassado n\u00e3o comprometeu a pintura.<\/p>\n\n\n\n<div style=\"height:107px\" aria-hidden=\"true\" class=\"wp-block-spacer\"><\/div>\n\n\n\n<h2 class=\"wp-block-heading\"><strong><em>Tratamentos de Pintura<\/em><\/strong><\/h2>\n\n\n\n<p style=\"font-size:17px\">Dispomos de diversos tratamentos de pintura tais como &nbsp;as restaura\u00e7\u00f5es, polimentos e cristaliza\u00e7\u00f5es que garantem uma maior durabilidade ao acabamento da repintura.&nbsp;<\/p>\n\n\n\n<div class=\"wp-block-image\"><figure class=\"alignleft is-resized\"><img loading=\"lazy\" decoding=\"async\" src=\"http:\/\/nipponautocenter.com.br\/wp-content\/uploads\/2019\/09\/Polimento.gif\" alt=\"\" class=\"wp-image-196\" width=\"303\" height=\"149\"\/><\/figure><\/div>\n\n\n\n<h4 class=\"wp-block-heading\">Polimento<\/h4>\n\n\n\n<p style=\"font-size:17px\">O polimento \u00e9 recomendado para pinturas manchadas, queimadas de sol, riscos de pouca profundidade, manchas provocadas por \u00e1rvores e p\u00e1ssaros, pe\u00e7as que foram repintadas e perderam o brilho (como ocorre frequentemente no capuz do motor).<\/p>\n\n\n\n<div style=\"height:58px\" aria-hidden=\"true\" class=\"wp-block-spacer\"><\/div>\n\n\n\n<div class=\"wp-block-image\"><figure class=\"alignleft is-resized\"><img loading=\"lazy\" decoding=\"async\" src=\"http:\/\/nipponautocenter.com.br\/wp-content\/uploads\/2019\/09\/cristaliza\u00e7\u00e3o.gif\" alt=\"\" class=\"wp-image-211\" width=\"302\" height=\"172\"\/><\/figure><\/div>\n\n\n\n<h4 class=\"wp-block-heading\">Cristaliza\u00e7\u00e3o<\/h4>\n\n\n\n<p style=\"font-size:17px\">A cristaliza\u00e7\u00e3o, por meio da camada fina de resina aplicada, garante durabilidade maior \u00e0 pintura em compara\u00e7\u00e3o com a cera. Al\u00e9m disso, evita que pequenas agress\u00f5es atinjam o verniz original do ve\u00edculo. (E\u2019 indispens\u00e1vel o polimento t\u00e9cnico antes da cristaliza\u00e7\u00e3o)<\/p>\n\n\n\n<div style=\"height:75px\" aria-hidden=\"true\" class=\"wp-block-spacer\"><\/div>\n\n\n\n<h2 class=\"wp-block-heading\"><strong><em>Reparo de Rodas de Liga<\/em><\/strong><\/h2>\n\n\n\n<div class=\"wp-block-image\"><figure class=\"alignleft is-resized\"><img loading=\"lazy\" decoding=\"async\" src=\"http:\/\/nipponautocenter.com.br\/wp-content\/uploads\/2019\/09\/rec-rodas.gif\" alt=\"\" class=\"wp-image-627\" width=\"449\" height=\"215\"\/><\/figure><\/div>\n\n\n\n<p style=\"font-size:19px\"><strong>Ralou a roda? N\u00f3s temos a solu\u00e7\u00e3o simples, r\u00e1pido e barato. Deixamos como nova!<\/strong><\/p>\n\n\n\n<p style=\"font-size:17px\">Benef\u00edcios:<br>Baixo custo em rela\u00e7\u00e3o a roda nova; <br>Valoriza\u00e7\u00e3o do ve\u00edculo;<br> Seguran\u00e7a \u2013 eliminar vazamentos de ar atrav\u00e9s de trinca ou entre roda e pneu; <br><br><br><\/p>\n\n\n\n<div class=\"wp-block-image\"><figure class=\"alignleft\"><img loading=\"lazy\" decoding=\"async\" width=\"449\" height=\"181\" src=\"http:\/\/nipponautocenter.com.br\/wp-content\/uploads\/2019\/09\/rodas2-1.gif\" alt=\"\" class=\"wp-image-649\"\/><\/figure><\/div>\n\n\n\n<p style=\"font-size:17px\"><strong>Personaliza\u00e7\u00e3o ou customiza\u00e7\u00e3o de rodas<\/strong> \u2013 enrique\u00e7a o estilo do carro. Escolha a cor que desejar. A moda atual e o cinza grafite ou preto.<br><br><\/p>\n\n\n\n<div style=\"height:136px\" aria-hidden=\"true\" class=\"wp-block-spacer\"><\/div>\n\n\n\n<h2 class=\"wp-block-heading\"><strong><em>Recupera\u00e7\u00e3o de Parachoque<\/em><\/strong><\/h2>\n\n\n\n<div class=\"wp-block-image\"><figure class=\"alignleft is-resized\"><img loading=\"lazy\" decoding=\"async\" src=\"http:\/\/nipponautocenter.com.br\/wp-content\/uploads\/2019\/09\/parachoques-1.gif\" alt=\"\" class=\"wp-image-657\" width=\"449\" height=\"205\"\/><\/figure><\/div>\n\n\n\n<p style=\"font-size:17px\">O servi\u00e7o de recupera\u00e7\u00e3o de parachoque \u00e9 uma forma de consertar os danos em caso de riscos, quebras, fissuras, batidas ou colis\u00f5es e at\u00e9 mesmo com a aus\u00eancia de um ou mais peda\u00e7os.<br>\nTemos dom\u00ednio das t\u00e9cnicas de restaura\u00e7\u00e3o em pl\u00e1stico e conhecimento dos materiais que garantem resist\u00eancia e bom acabamento ao servi\u00e7o.<\/p>\n\n\n\n<div style=\"height:64px\" aria-hidden=\"true\" class=\"wp-block-spacer\"><\/div>\n\n\n\n<h2 class=\"wp-block-heading\"><strong><em>Empresa<\/em><\/strong><\/h2>\n\n\n\n<p style=\"font-size:17px\"> NIPPON AUTO CENTER \u00e9 uma empresa jovem e din\u00e2mica. Sua equipe \u00e9 altamente qualificada e recebe constantes treinamentos, apta a trabalhar com modernos equipamentos da mais alta tecnologia. <\/p>\n\n\n\n<div class=\"wp-block-image\"><figure class=\"aligncenter is-resized\"><img loading=\"lazy\" decoding=\"async\" src=\"http:\/\/nipponautocenter.com.br\/wp-content\/uploads\/2019\/10\/murocinza-1-1024x768.png\" alt=\"\" class=\"wp-image-811\" width=\"512\" height=\"384\" srcset=\"https:\/\/nipponautocenter.com.br\/wp-content\/uploads\/2019\/10\/murocinza-1.png 1024w, https:\/\/nipponautocenter.com.br\/wp-content\/uploads\/2019\/10\/murocinza-1-300x225.png 300w, https:\/\/nipponautocenter.com.br\/wp-content\/uploads\/2019\/10\/murocinza-1-768x576.png 768w\" sizes=\"auto, (max-width: 512px) 100vw, 512px\" \/><\/figure><\/div>\n\n\n\n<p style=\"font-size:17px\"> A NIPPON tem como miss\u00e3o atender os clientes em todas as necessidades para seu ve\u00edculo, sejam elas: Corretivas, Preventivas, Est\u00e9ticas e de Seguran\u00e7a. Para realizar esta miss\u00e3o a NIPPON pratica uma administra\u00e7\u00e3o \u00e9tica, de confian\u00e7a com honestidade e transpar\u00eancia. Tudo que seu carro precisa est\u00e1 aqui na NIPPON! <\/p>\n\n\n\n<h2 class=\"wp-block-heading\"><strong><em>Equipe<\/em><\/strong><\/h2>\n\n\n\n<p style=\"font-size:17px\"> Nosso equipe&nbsp;operacional est\u00e1 capacitada&nbsp; a acompanhar todas as etapas da repara\u00e7\u00e3o,&nbsp; garantindo um melhor resultado e uma maior qualidade, j\u00e1 que recebe treinamentos t\u00e9cnicos de reciclagem &nbsp;para aperfei\u00e7oar a execu\u00e7\u00e3o dos servi\u00e7os. <\/p>\n\n\n\n<p style=\"font-size:17px\"> A empresa sempre busca&nbsp; a implanta\u00e7\u00e3o de novas t\u00e9cnicas e novos equipamentos, o &nbsp;que resultam sempre num servi\u00e7o de melhor qualidade. <\/p>\n\n\n\n<h2 class=\"wp-block-heading\"><strong><em>\u00c1rea de Atendimento<\/em><\/strong><\/h2>\n\n\n\n<div class=\"wp-block-image\"><figure class=\"alignright is-resized\"><img loading=\"lazy\" decoding=\"async\" src=\"http:\/\/nipponautocenter.com.br\/wp-content\/uploads\/2019\/09\/levaetraz.gif\" alt=\"\" class=\"wp-image-232\" width=\"129\" height=\"133\"\/><\/figure><\/div>\n\n\n\n<p style=\"font-size:17px\"><strong>Atendemos todo ABCD<\/strong>, localizada no bairro Piraporinha Diadema, de f\u00e1cil acesso a todo o ABCD, a Oficina conta com Guincho Plataforma que atende as cidades de Santo Andr\u00e9, S\u00e3o Bernardo do Campo, S\u00e3o Caetano do Sul, Diadema e S\u00e3o Paulo. <\/p>\n\n\n\n<p style=\"font-size:28px\" class=\"has-text-color has-vivid-cyan-blue-color\"><em><strong>Tenha a comodidade, utilizando o nosso sistema de Leva-e-Traz<\/strong><\/em><\/p>\n\n\n\n<div style=\"height:27px\" aria-hidden=\"true\" class=\"wp-block-spacer\"><\/div>\n\n\n\n<h2 class=\"wp-block-heading\"><strong><em>Seguradoras<\/em><\/strong><\/h2>\n\n\n\n<p style=\"font-size:17px\"> A NIPPON Auto Center atende as melhores Cias Seguradoras do mercado,dentre elas, Porto Seguro, Ita\u00fa Seguros, Azul Seguros, Sul Am\u00e9rica, T\u00f3quio Marine, Sompo Seguros, Chubb, Liberty Seguros, Allianz, Nobre,HDI, dentre outras.&nbsp;<strong>Atendemos tanto segurados quanto<\/strong> terceiros. <\/p>\n\n\n\n<p style=\"font-size:17px\"> Atenta&nbsp;a legisla\u00e7\u00e3o consumerista, a empresa busca&nbsp;esclarecer aos consumidores seus direitos quanto a&nbsp;sua liberdade na escolha por sua oficina de confian\u00e7a. <\/p>\n\n\n\n<p style=\"font-size:17px\"> Sendo assim nossa empresa&nbsp;est\u00e1&nbsp;capacitada a atender&nbsp;&nbsp; aos consumidores&nbsp;segurados ou terceiros atrav\u00e9s de suas respectivas&nbsp;Cias Seguradoras,independentemente&nbsp; de fazer parte da lista de oficinas referenciadas ofertadas pela Cias. <\/p>\n\n\n\n<div class=\"wp-block-image\"><figure class=\"aligncenter\"><img loading=\"lazy\" decoding=\"async\" width=\"401\" height=\"102\" src=\"http:\/\/nipponautocenter.com.br\/wp-content\/uploads\/2019\/09\/seguradora.gif\" alt=\"\" class=\"wp-image-227\"\/><\/figure><\/div>\n\n\n\n<h2 class=\"wp-block-heading\"><strong><em>Como Chegar<\/em><\/strong><\/h2>\n\n\n\n<p> Av. Encarna\u00e7\u00e3o, 153 &#8211; Piraporinha, Diadema &#8211; SP<\/p>\n\n\n\n<figure><iframe loading=\"lazy\" src=\"https:\/\/www.google.com\/maps\/embed?pb=!1m18!1m12!1m3!1d3653.548332743106!2d-46.59066698501984!3d-23.692105084618177!2m3!1f0!2f0!3f0!3m2!1i1024!2i768!4f13.1!3m3!1m2!1s0x94ce4385d5e4d1a3%3A0x7e17630b19602d0f!2sAv.%20Encarna%C3%A7%C3%A3o%2C%20153%20-%20Piraporinha%2C%20Diadema%20-%20SP%2C%2009960-020!5e0!3m2!1spt-BR!2sbr!4v1568138866000!5m2!1spt-BR!2sbr\" width=\"800\" height=\"600\" allowfullscreen=\"\"><\/iframe><\/figure>\n\n\n\n<h2 class=\"wp-block-heading\"><strong><em>Contato<\/em><\/strong><\/h2>\n\n\n\n<div class=\"wp-block-columns has-2-columns is-layout-flex wp-container-core-columns-is-layout-9d6595d7 wp-block-columns-is-layout-flex\">\n<div class=\"wp-block-column is-layout-flow wp-block-column-is-layout-flow\">\n<p> Ligue para:  <strong>(11) 4067-7862 \/ (11) 94528-7767<\/strong><\/p>\n\n\n\n<h4 class=\"wp-block-heading\"><a href=\"https:\/\/api.whatsapp.com\/send?1=pt_BR&amp;phone=5511945287767\"><img loading=\"lazy\" decoding=\"async\" width=\"30\" height=\"30\" class=\"wp-image-255\" style=\"width: 30px;\" src=\"http:\/\/nipponautocenter.com.br\/wp-content\/uploads\/2019\/09\/whats.gif\" alt=\"\">  <a rel=\"noreferrer noopener\" href=\"https:\/\/web.whatsapp.com\/send?phone=5511945287767&amp;text=Ol%C3%A1!%20Em%20que%20podemos%20ajud%C3%A1-lo?\" target=\"_blank\"><\/a><\/a><strong><a href=\"https:\/\/api.whatsapp.com\/send?1=pt_BR&amp;phone=5511945287767\"> (11) 94528-7767<\/a><\/strong><\/h4>\n\n\n\n<p><img loading=\"lazy\" decoding=\"async\" width=\"40\" height=\"40\" class=\"wp-image-264\" style=\"width: 40px;\" src=\"http:\/\/nipponautocenter.com.br\/wp-content\/uploads\/2019\/09\/email.gif\" alt=\"\"><a href=\"mailto:autocenternippon@gmail.com\">autocenternippon@gmail.com<\/a><\/p>\n\n\n\n<p>\n\nou preencha o formul\u00e1rio ao lado e assim que poss\u00edvel responderemos!\n\n<\/p>\n<\/div>\n\n\n\n<div class=\"wp-block-column is-layout-flow wp-block-column-is-layout-flow\">\n<h4 class=\"wp-block-heading\">Formul\u00e1rio de contato<\/h4>\n\n\n\n<div class=\"wpcf7 no-js\" id=\"wpcf7-f250-o1\" lang=\"pt-BR\" dir=\"ltr\" data-wpcf7-id=\"250\">\n<div class=\"screen-reader-response\"><p role=\"status\" aria-live=\"polite\" aria-atomic=\"true\"><\/p> <ul><\/ul><\/div>\n<form action=\"\/index.php\/wp-json\/wp\/v2\/pages\/30#wpcf7-f250-o1\" method=\"post\" class=\"wpcf7-form init\" aria-label=\"Formul\u00e1rios de contato\" novalidate=\"novalidate\" data-status=\"init\">\n<fieldset class=\"hidden-fields-container\"><input type=\"hidden\" name=\"_wpcf7\" value=\"250\" \/><input type=\"hidden\" name=\"_wpcf7_version\" value=\"6.1.4\" \/><input type=\"hidden\" name=\"_wpcf7_locale\" value=\"pt_BR\" \/><input type=\"hidden\" name=\"_wpcf7_unit_tag\" value=\"wpcf7-f250-o1\" \/><input type=\"hidden\" name=\"_wpcf7_container_post\" value=\"0\" \/><input type=\"hidden\" name=\"_wpcf7_posted_data_hash\" value=\"\" \/>\n<\/fieldset>\n<p><label> Seu nome (obrigat\u00f3rio)<br \/>\n<span class=\"wpcf7-form-control-wrap\" data-name=\"your-name\"><input size=\"40\" maxlength=\"400\" class=\"wpcf7-form-control wpcf7-text wpcf7-validates-as-required\" aria-required=\"true\" aria-invalid=\"false\" value=\"\" type=\"text\" name=\"your-name\" \/><\/span> <\/label><br \/>\n<label> Seu e-mail (obrigat\u00f3rio)<br \/>\n<span class=\"wpcf7-form-control-wrap\" data-name=\"your-email\"><input size=\"40\" maxlength=\"400\" class=\"wpcf7-form-control wpcf7-email wpcf7-validates-as-required wpcf7-text wpcf7-validates-as-email\" aria-required=\"true\" aria-invalid=\"false\" value=\"\" type=\"email\" name=\"your-email\" \/><\/span> <\/label><br \/>\n<label> Telefone (obrigat\u00f3rio)<br \/>\n<span class=\"wpcf7-form-control-wrap\" data-name=\"tel-676\"><input size=\"40\" maxlength=\"400\" class=\"wpcf7-form-control wpcf7-tel wpcf7-validates-as-required wpcf7-text wpcf7-validates-as-tel\" aria-required=\"true\" aria-invalid=\"false\" value=\"\" type=\"tel\" name=\"tel-676\" \/><\/span> <\/label><br \/>\n<label> Sua mensagem<br \/>\n<span class=\"wpcf7-form-control-wrap\" data-name=\"your-message\"><textarea cols=\"40\" rows=\"10\" maxlength=\"2000\" class=\"wpcf7-form-control wpcf7-textarea\" aria-invalid=\"false\" name=\"your-message\"><\/textarea><\/span> <\/label><br \/>\n<input class=\"wpcf7-form-control wpcf7-submit has-spinner\" type=\"submit\" value=\"Enviar\" \/>\n<\/p><div class=\"wpcf7-response-output\" aria-hidden=\"true\"><\/div>\n<\/form>\n<\/div>\n\n<\/div>\n<\/div>\n","protected":false},"excerpt":{"rendered":"<p>Novidades!!! Funilaria Contamos com equipamentos de ponta que &nbsp;garantem um melhor resultado e uma maior agilidade nos servi\u00e7os prestados. Dispomos de equipamento de alinhamento de monobloco capaz de proporcionar um alinhamento mais fidedigno &nbsp;\u00e0s medidas originais do ve\u00edculo. Pintura Utilizamos produtos e equipamentos de alta tecnologia que garantem uma qualidade e durabilidade muito superior na [&hellip;]<\/p>\n","protected":false},"author":1,"featured_media":169,"parent":0,"menu_order":0,"comment_status":"closed","ping_status":"closed","template":"page-template\/custom-home-page.php","meta":{"footnotes":""},"class_list":["post-30","page","type-page","status-publish","has-post-thumbnail","hentry"],"aioseo_notices":[],"_links":{"self":[{"href":"https:\/\/nipponautocenter.com.br\/index.php\/wp-json\/wp\/v2\/pages\/30","targetHints":{"allow":["GET"]}}],"collection":[{"href":"https:\/\/nipponautocenter.com.br\/index.php\/wp-json\/wp\/v2\/pages"}],"about":[{"href":"https:\/\/nipponautocenter.com.br\/index.php\/wp-json\/wp\/v2\/types\/page"}],"author":[{"embeddable":true,"href":"https:\/\/nipponautocenter.com.br\/index.php\/wp-json\/wp\/v2\/users\/1"}],"replies":[{"embeddable":true,"href":"https:\/\/nipponautocenter.com.br\/index.php\/wp-json\/wp\/v2\/comments?post=30"}],"version-history":[{"count":367,"href":"https:\/\/nipponautocenter.com.br\/index.php\/wp-json\/wp\/v2\/pages\/30\/revisions"}],"predecessor-version":[{"id":846,"href":"https:\/\/nipponautocenter.com.br\/index.php\/wp-json\/wp\/v2\/pages\/30\/revisions\/846"}],"wp:featuredmedia":[{"embeddable":true,"href":"https:\/\/nipponautocenter.com.br\/index.php\/wp-json\/wp\/v2\/media\/169"}],"wp:attachment":[{"href":"https:\/\/nipponautocenter.com.br\/index.php\/wp-json\/wp\/v2\/media?parent=30"}],"curies":[{"name":"wp","href":"https:\/\/api.w.org\/{rel}","templated":true}]}}