{"id":28,"date":"2019-09-09T12:34:36","date_gmt":"2019-09-09T15:34:36","guid":{"rendered":"http:\/\/nipponautocenter.com.br\/?page_id=28"},"modified":"2019-10-17T12:14:59","modified_gmt":"2019-10-17T15:14:59","slug":"empresa","status":"publish","type":"page","link":"https:\/\/nipponautocenter.com.br\/index.php\/empresa\/","title":{"rendered":"Empresa"},"content":{"rendered":"\n<p class=\"has-text-color has-very-dark-gray-color\">NIPPON AUTO CENTER \u00e9 uma empresa jovem e din\u00e2mica. Sua equipe \u00e9 altamente qualificada e recebe constantes treinamentos, apta a trabalhar com modernos equipamentos da mais alta tecnologia.<\/p>\n\n\n\n<div class=\"wp-block-image\"><figure class=\"aligncenter is-resized\"><img loading=\"lazy\" decoding=\"async\" src=\"http:\/\/nipponautocenter.com.br\/wp-content\/uploads\/2019\/10\/murocinza-1-1024x768.png\" alt=\"\" class=\"wp-image-811\" width=\"768\" height=\"576\" srcset=\"https:\/\/nipponautocenter.com.br\/wp-content\/uploads\/2019\/10\/murocinza-1.png 1024w, https:\/\/nipponautocenter.com.br\/wp-content\/uploads\/2019\/10\/murocinza-1-300x225.png 300w, https:\/\/nipponautocenter.com.br\/wp-content\/uploads\/2019\/10\/murocinza-1-768x576.png 768w\" sizes=\"auto, (max-width: 768px) 100vw, 768px\" \/><\/figure><\/div>\n\n\n\n<p class=\"has-text-color has-very-dark-gray-color\">A NIPPON tem como\nmiss\u00e3o atender os clientes em todas as necessidades para seu ve\u00edculo, sejam\nelas: Corretivas, Preventivas, Est\u00e9ticas e de Seguran\u00e7a. Para realizar esta\nmiss\u00e3o a NIPPON pratica uma administra\u00e7\u00e3o \u00e9tica, de confian\u00e7a com honestidade e\ntranspar\u00eancia. Tudo que seu carro precisa est\u00e1 aqui na NIPPON!<\/p>\n","protected":false},"excerpt":{"rendered":"<p>NIPPON AUTO CENTER \u00e9 uma empresa jovem e din\u00e2mica. Sua equipe \u00e9 altamente qualificada e recebe constantes treinamentos, apta a trabalhar com modernos equipamentos da mais alta tecnologia. A NIPPON tem como miss\u00e3o atender os clientes em todas as necessidades para seu ve\u00edculo, sejam elas: Corretivas, Preventivas, Est\u00e9ticas e de Seguran\u00e7a. Para realizar esta miss\u00e3o [&hellip;]<\/p>\n","protected":false},"author":1,"featured_media":127,"parent":0,"menu_order":0,"comment_status":"closed","ping_status":"closed","template":"","meta":{"footnotes":""},"class_list":["post-28","page","type-page","status-publish","has-post-thumbnail","hentry"],"aioseo_notices":[],"_links":{"self":[{"href":"https:\/\/nipponautocenter.com.br\/index.php\/wp-json\/wp\/v2\/pages\/28","targetHints":{"allow":["GET"]}}],"collection":[{"href":"https:\/\/nipponautocenter.com.br\/index.php\/wp-json\/wp\/v2\/pages"}],"about":[{"href":"https:\/\/nipponautocenter.com.br\/index.php\/wp-json\/wp\/v2\/types\/page"}],"author":[{"embeddable":true,"href":"https:\/\/nipponautocenter.com.br\/index.php\/wp-json\/wp\/v2\/users\/1"}],"replies":[{"embeddable":true,"href":"https:\/\/nipponautocenter.com.br\/index.php\/wp-json\/wp\/v2\/comments?post=28"}],"version-history":[{"count":10,"href":"https:\/\/nipponautocenter.com.br\/index.php\/wp-json\/wp\/v2\/pages\/28\/revisions"}],"predecessor-version":[{"id":815,"href":"https:\/\/nipponautocenter.com.br\/index.php\/wp-json\/wp\/v2\/pages\/28\/revisions\/815"}],"wp:featuredmedia":[{"embeddable":true,"href":"https:\/\/nipponautocenter.com.br\/index.php\/wp-json\/wp\/v2\/media\/127"}],"wp:attachment":[{"href":"https:\/\/nipponautocenter.com.br\/index.php\/wp-json\/wp\/v2\/media?parent=28"}],"curies":[{"name":"wp","href":"https:\/\/api.w.org\/{rel}","templated":true}]}}